{"id":14,"date":"2026-03-23T10:18:02","date_gmt":"2026-03-23T10:18:02","guid":{"rendered":"https:\/\/shootingbilbao.com.rkinformatika.online\/?page_id=14"},"modified":"2026-04-27T09:04:17","modified_gmt":"2026-04-27T09:04:17","slug":"inicio","status":"publish","type":"page","link":"https:\/\/shootingbilbao.com\/eu\/","title":{"rendered":"Hasiera"},"content":{"rendered":"<div data-elementor-type=\"wp-page\" data-elementor-id=\"14\" class=\"elementor elementor-14\" data-elementor-post-type=\"page\">\n\t\t\t\t<div class=\"elementor-element elementor-element-544e3dc e-flex e-con-boxed e-con e-parent\" data-id=\"544e3dc\" data-element_type=\"container\" data-e-type=\"container\" data-settings=\"{&quot;background_background&quot;:&quot;classic&quot;}\">\n\t\t\t\t\t<div class=\"e-con-inner\">\n\t\t\t\t<div class=\"elementor-element elementor-element-f0a5e1c elementor-widget elementor-widget-heading\" data-id=\"f0a5e1c\" data-element_type=\"widget\" data-e-type=\"widget\" data-widget_type=\"heading.default\">\n\t\t\t\t\t<h2 class=\"elementor-heading-title elementor-size-default\">Zure arma- eta ehiza-denda Bilbon <\/h2>\t\t\t\t<\/div>\n\t\t\t\t\t<\/div>\n\t\t\t\t<\/div>\n\t\t<div class=\"elementor-element elementor-element-8fa73a7 e-flex e-con-boxed e-con e-parent\" data-id=\"8fa73a7\" data-element_type=\"container\" data-e-type=\"container\">\n\t\t\t\t\t<div class=\"e-con-inner\">\n\t\t<div class=\"elementor-element elementor-element-e1346bf e-con-full e-flex e-con e-child\" data-id=\"e1346bf\" data-element_type=\"container\" data-e-type=\"container\">\n\t\t\t\t<div class=\"elementor-element elementor-element-b2e2ea8 elementor-widget elementor-widget-heading\" data-id=\"b2e2ea8\" data-element_type=\"widget\" data-e-type=\"widget\" data-widget_type=\"heading.default\">\n\t\t\t\t\t<h2 class=\"elementor-heading-title elementor-size-default\">Guri Buruz<\/h2>\t\t\t\t<\/div>\n\t\t\t\t<div class=\"elementor-element elementor-element-7626288 elementor-widget elementor-widget-text-editor\" data-id=\"7626288\" data-element_type=\"widget\" data-e-type=\"widget\" data-widget_type=\"text-editor.default\">\n\t\t\t\t\t\t\t\t\t<p>Armenia Shooting Bilbaon, atsegin handiz eskaintzen dizkizugu kalitatezko produktu eta zerbitzuak. Konpromisoa hartzen dugu ehizarekin, kirol-tiroarekin eta sektore profesionalarekin lotutako guztian esperientzia aparta eskaintzeko. Gure arma, munizio, osagarri eta ekipoen hautaketa zabala kontu handiz aukeratuta dago, kalitate eta errendimendu estandar gorenak betetzeko. Gainera, gure dendan adituak ditugu, zure beharren eta lehentasunen arabera erabakirik onena hartu ahal izateko beharrezko aholkularitza emango dizutenak.<\/p>\t\t\t\t\t\t\t\t<\/div>\n\t\t\t\t<\/div>\n\t\t<div class=\"elementor-element elementor-element-82d0d5d e-con-full e-flex e-con e-child\" data-id=\"82d0d5d\" data-element_type=\"container\" data-e-type=\"container\">\n\t\t\t\t<div class=\"elementor-element elementor-element-714b802 elementor-widget elementor-widget-gallery\" data-id=\"714b802\" data-element_type=\"widget\" data-e-type=\"widget\" data-settings=\"{&quot;gallery_layout&quot;:&quot;justified&quot;,&quot;ideal_row_height&quot;:{&quot;unit&quot;:&quot;px&quot;,&quot;size&quot;:177,&quot;sizes&quot;:[]},&quot;ideal_row_height_tablet&quot;:{&quot;unit&quot;:&quot;px&quot;,&quot;size&quot;:200,&quot;sizes&quot;:[]},&quot;ideal_row_height_mobile&quot;:{&quot;unit&quot;:&quot;px&quot;,&quot;size&quot;:200,&quot;sizes&quot;:[]},&quot;lazyload&quot;:&quot;yes&quot;,&quot;gap&quot;:{&quot;unit&quot;:&quot;px&quot;,&quot;size&quot;:10,&quot;sizes&quot;:[]},&quot;gap_tablet&quot;:{&quot;unit&quot;:&quot;px&quot;,&quot;size&quot;:10,&quot;sizes&quot;:[]},&quot;gap_mobile&quot;:{&quot;unit&quot;:&quot;px&quot;,&quot;size&quot;:10,&quot;sizes&quot;:[]},&quot;link_to&quot;:&quot;file&quot;,&quot;overlay_background&quot;:&quot;yes&quot;,&quot;content_hover_animation&quot;:&quot;fade-in&quot;}\" data-widget_type=\"gallery.default\">\n\t\t\t\t\t\t\t<div class=\"elementor-gallery__container\">\n\t\t\t\t\t\t\t<a class=\"e-gallery-item elementor-gallery-item elementor-animated-content\" href=\"https:\/\/shootingbilbao.com\/wp-content\/uploads\/2026\/03\/image-480x374-1.jpg\" data-elementor-open-lightbox=\"yes\" data-elementor-lightbox-slideshow=\"714b802\" data-e-action-hash=\"#elementor-action%3Aaction%3Dlightbox%26settings%3DeyJpZCI6MTQyLCJ1cmwiOiJodHRwczpcL1wvc2hvb3RpbmdiaWxiYW8uY29tXC93cC1jb250ZW50XC91cGxvYWRzXC8yMDI2XC8wM1wvaW1hZ2UtNDgweDM3NC0xLmpwZyIsInNsaWRlc2hvdyI6IjcxNGI4MDIifQ%3D%3D\">\n\t\t\t\t\t<div class=\"e-gallery-image elementor-gallery-item__image\" data-thumbnail=\"https:\/\/shootingbilbao.com\/wp-content\/uploads\/2026\/03\/image-480x374-1.jpg\" data-width=\"480\" data-height=\"374\" aria-label=\"\" role=\"img\" ><\/div>\n\t\t\t\t\t\t\t\t\t\t\t<div class=\"elementor-gallery-item__overlay\"><\/div>\n\t\t\t\t\t\t\t\t\t\t\t\t\t\t<\/a>\n\t\t\t\t\t\t\t<a class=\"e-gallery-item elementor-gallery-item elementor-animated-content\" href=\"https:\/\/shootingbilbao.com\/wp-content\/uploads\/2026\/03\/image-320x240-1.jpg\" data-elementor-open-lightbox=\"yes\" data-elementor-lightbox-slideshow=\"714b802\" data-e-action-hash=\"#elementor-action%3Aaction%3Dlightbox%26settings%3DeyJpZCI6MTQxLCJ1cmwiOiJodHRwczpcL1wvc2hvb3RpbmdiaWxiYW8uY29tXC93cC1jb250ZW50XC91cGxvYWRzXC8yMDI2XC8wM1wvaW1hZ2UtMzIweDI0MC0xLmpwZyIsInNsaWRlc2hvdyI6IjcxNGI4MDIifQ%3D%3D\">\n\t\t\t\t\t<div class=\"e-gallery-image elementor-gallery-item__image\" data-thumbnail=\"https:\/\/shootingbilbao.com\/wp-content\/uploads\/2026\/03\/image-320x240-1.jpg\" data-width=\"320\" data-height=\"240\" aria-label=\"\" role=\"img\" ><\/div>\n\t\t\t\t\t\t\t\t\t\t\t<div class=\"elementor-gallery-item__overlay\"><\/div>\n\t\t\t\t\t\t\t\t\t\t\t\t\t\t<\/a>\n\t\t\t\t\t\t\t<a class=\"e-gallery-item elementor-gallery-item elementor-animated-content\" href=\"https:\/\/shootingbilbao.com\/wp-content\/uploads\/2026\/03\/image-160x724-1.jpg\" data-elementor-open-lightbox=\"yes\" data-elementor-lightbox-slideshow=\"714b802\" data-e-action-hash=\"#elementor-action%3Aaction%3Dlightbox%26settings%3DeyJpZCI6MTM3LCJ1cmwiOiJodHRwczpcL1wvc2hvb3RpbmdiaWxiYW8uY29tXC93cC1jb250ZW50XC91cGxvYWRzXC8yMDI2XC8wM1wvaW1hZ2UtMTYweDcyNC0xLmpwZyIsInNsaWRlc2hvdyI6IjcxNGI4MDIifQ%3D%3D\">\n\t\t\t\t\t<div class=\"e-gallery-image elementor-gallery-item__image\" data-thumbnail=\"https:\/\/shootingbilbao.com\/wp-content\/uploads\/2026\/03\/image-160x724-1.jpg\" data-width=\"160\" data-height=\"724\" aria-label=\"\" role=\"img\" ><\/div>\n\t\t\t\t\t\t\t\t\t\t\t<div class=\"elementor-gallery-item__overlay\"><\/div>\n\t\t\t\t\t\t\t\t\t\t\t\t\t\t<\/a>\n\t\t\t\t\t<\/div>\n\t\t\t\t\t<\/div>\n\t\t\t\t<\/div>\n\t\t\t\t\t<\/div>\n\t\t\t\t<\/div>\n\t\t<div class=\"elementor-element elementor-element-6f38ba1 e-flex e-con-boxed e-con e-parent\" data-id=\"6f38ba1\" data-element_type=\"container\" data-e-type=\"container\">\n\t\t\t\t\t<div class=\"e-con-inner\">\n\t\t\t\t<div class=\"elementor-element elementor-element-5e61f64 elementor-widget elementor-widget-heading\" data-id=\"5e61f64\" data-element_type=\"widget\" data-e-type=\"widget\" data-widget_type=\"heading.default\">\n\t\t\t\t\t<h2 class=\"elementor-heading-title elementor-size-default\">Ehizarako, kirol-tirorako eta sektore profesionalerako materiala saltzen eta aholkularitza pertsonalizatua ematen duen armagintza.\n\n<\/h2>\t\t\t\t<\/div>\n\t\t\t\t<div class=\"elementor-element elementor-element-eb26198 elementor-align-center elementor-widget elementor-widget-button\" data-id=\"eb26198\" data-element_type=\"widget\" data-e-type=\"widget\" data-widget_type=\"button.default\">\n\t\t\t\t\t\t\t\t\t\t<a class=\"elementor-button elementor-button-link elementor-size-sm\" href=\"https:\/\/shootingbilbao.com\/eu\/servicios\/\">\n\t\t\t\t\t\t<span class=\"elementor-button-content-wrapper\">\n\t\t\t\t\t\t\t\t\t<span class=\"elementor-button-text\">ZERBITZUAK<\/span>\n\t\t\t\t\t<\/span>\n\t\t\t\t\t<\/a>\n\t\t\t\t\t\t\t\t<\/div>\n\t\t\t\t\t<\/div>\n\t\t\t\t<\/div>\n\t\t<div class=\"elementor-element elementor-element-fae5233 e-flex e-con-boxed e-con e-parent\" data-id=\"fae5233\" data-element_type=\"container\" data-e-type=\"container\">\n\t\t\t\t\t<div class=\"e-con-inner\">\n\t\t\t\t<div class=\"elementor-element elementor-element-4bd4757 elementor-widget elementor-widget-heading\" data-id=\"4bd4757\" data-element_type=\"widget\" data-e-type=\"widget\" data-widget_type=\"heading.default\">\n\t\t\t\t\t<h2 class=\"elementor-heading-title elementor-size-default\">GURE MARKAK<\/h2>\t\t\t\t<\/div>\n\t\t\t\t<div class=\"elementor-element elementor-element-7e2cc9d elementor-widget elementor-widget-text-editor\" data-id=\"7e2cc9d\" data-element_type=\"widget\" data-e-type=\"widget\" data-widget_type=\"text-editor.default\">\n\t\t\t\t\t\t\t\t\t<p>ESKURA DITUGUN MARKEN ETA LAN EGITEN DUGUN BANATZAILEEN KATALOGO HANDIA.<\/p><p>EZ IZAN ZALANTZARIK BEHAR DUZUNAGATIK KONTSULTATZEKO!!<\/p>\t\t\t\t\t\t\t\t<\/div>\n\t\t\t\t\t<\/div>\n\t\t\t\t<\/div>\n\t\t<div class=\"elementor-element elementor-element-81addf1 e-con-full e-flex e-con e-parent\" data-id=\"81addf1\" data-element_type=\"container\" data-e-type=\"container\">\n\t\t<div class=\"elementor-element elementor-element-ed7357f e-con-full e-flex e-con e-child\" data-id=\"ed7357f\" data-element_type=\"container\" data-e-type=\"container\">\n\t\t\t\t<div class=\"elementor-element elementor-element-2d3eb67 elementor-widget elementor-widget-text-editor\" data-id=\"2d3eb67\" data-element_type=\"widget\" data-e-type=\"widget\" data-widget_type=\"text-editor.default\">\n\t\t\t\t\t\t\t\t\t<div class=\"grid-column-root grid-column-small-12 grid-column-medium-3 grid-column-large-3 grid-column-9dab8b69-b464-4734-8a40-900c770e11e5\"><div class=\"module-container-custom module-container-root module-container-93ae6e21-b0f9-48ed-9fbd-766660f22674\"><div class=\"text-root text-93ae6e21-b0f9-48ed-9fbd-766660f22674\"><div><ul><li>3M PELTOR<\/li><li>AGUIRRE Y CIA<\/li><li>AIGLE<\/li><li>ALBAINOX<\/li><li>ARCEA<\/li><li>ARDESA<\/li><li>ARMUSA<\/li><li>AVISTAR<\/li><li>BALLISTOL<\/li><li>BARNES<\/li><li>BASCHIERI &amp; PELLAGRI<\/li><li>BAT VISION<\/li><li>BBI<\/li><li>BCN<\/li><li>BENELLI<\/li><li>BERETTA<\/li><li>BERETTA-TEXTIL<\/li><li>BERGARA<\/li><li>BERGER<\/li><li>BESTARD<\/li><li>BIRCHWOOD<\/li><li>BIX N ANDY<\/li><li>BLASER<\/li><li>BLASER OPTICS<\/li><li>BORCHERS<\/li><li>BRILEY<\/li><li>BROWNING<\/li><li>BURRIS<\/li><li>BUSHNELL<\/li><li>BUTLER CREEK<\/li><li>CAA<\/li><li>CALDWELL<\/li><li>CBC &#8211; MAGTECH<\/li><li>CCI<\/li><li>CED<\/li><li>CHIRUCA<\/li><li>C-MORE<\/li><li>COMETA<\/li><li>CZ- ARMAS<\/li><li>DAA<\/li><li>DDOPTICS<\/li><li>DELTA OPTICS<\/li><li>DELTA TACTICS<\/li><li>DIANA<\/li><li>DOGTRACE<\/li><\/ul><\/div><\/div><\/div><\/div>\t\t\t\t\t\t\t\t<\/div>\n\t\t\t\t<\/div>\n\t\t<div class=\"elementor-element elementor-element-d7a2397 e-con-full e-flex e-con e-child\" data-id=\"d7a2397\" data-element_type=\"container\" data-e-type=\"container\">\n\t\t\t\t<div class=\"elementor-element elementor-element-275ff2a elementor-widget elementor-widget-text-editor\" data-id=\"275ff2a\" data-element_type=\"widget\" data-e-type=\"widget\" data-widget_type=\"text-editor.default\">\n\t\t\t\t\t\t\t\t\t<div class=\"grid-column-root grid-column-small-12 grid-column-medium-3 grid-column-large-3 grid-column-a1b4d25a-9b76-4bdf-adee-d661b95524b1\"><div class=\"module-container-custom module-container-root module-container-4b0d3891-13e2-43d9-99b7-20029f2236a0\"><div class=\"text-root text-4b0d3891-13e2-43d9-99b7-20029f2236a0\"><div><ul><li>EISPORT<\/li><li>EL CALDEN<\/li><li>EXCOPESA<\/li><li>FABARM<\/li><li>FEDERAL<\/li><li>FEINWERKBAO<\/li><li>FRANCHI<\/li><li>FRANKFORD ARSENAL<\/li><li>FRONTIER<\/li><li>FX -AIR<\/li><li>GAMO<\/li><li>GARMIN<\/li><li>GECO<\/li><li>GLOCK<\/li><li>GPO<\/li><li>GRS STOCKS<\/li><li>H&amp;N<\/li><li>HAENEL<\/li><li>HART<\/li><li>HECKLER &amp; KOCH<\/li><li>HORNADY<\/li><li>INFAC<\/li><li>JRC<\/li><li>K25<\/li><li>KAHLES<\/li><li>KESTREL<\/li><li>KOMBIX<\/li><li>KST<\/li><li>LABRADAR<\/li><li>LAPUA<\/li><li>LEATHERMAN<\/li><li>LEE<\/li><li>LEUPOLD<\/li><li>LPA<\/li><li>LYMAN<\/li><li>MAGPUL<\/li><li>MAK<\/li><li>MARKHOR HUNTING<\/li><li>MAXAM<\/li><li>MDT\u00a0<\/li><li>MECHANIX<\/li><li>MERKEL<\/li><li>MTM CASEGARD<\/li><li>MUELA<\/li><li>NIKKO STIRLING<\/li><\/ul><\/div><\/div><\/div><\/div><div class=\"grid-column-root grid-column-small-12 grid-column-medium-3 grid-column-large-3 grid-column-a712c5c3-9801-49ea-993f-8b674300f6d0\"><div class=\"module-container-custom module-container-root\"><div class=\"heading-module-961006b4-dde6-4bf4-9802-4ac0ce9f78b7 heading-root\">\u00a0<\/div><\/div><\/div>\t\t\t\t\t\t\t\t<\/div>\n\t\t\t\t<\/div>\n\t\t<div class=\"elementor-element elementor-element-4407daf e-con-full e-flex e-con e-child\" data-id=\"4407daf\" data-element_type=\"container\" data-e-type=\"container\">\n\t\t\t\t<div class=\"elementor-element elementor-element-ccc8da5 elementor-widget elementor-widget-text-editor\" data-id=\"ccc8da5\" data-element_type=\"widget\" data-e-type=\"widget\" data-widget_type=\"text-editor.default\">\n\t\t\t\t\t\t\t\t\t<div class=\"module-container-custom module-container-root module-container-ca89e76f-2139-4e71-b530-33be104b301d\"><div class=\"text-root text-ca89e76f-2139-4e71-b530-33be104b301d\"><div><ul><li>NORICA<\/li><li>NORMA<\/li><li>NOSLER<\/li><li>OLIGHT<\/li><li>PRIMOS<\/li><li>PRVI<\/li><li>PULSAR<\/li><li>QUAKE\u00a0<\/li><li>RCBS<\/li><li>REMINGTON<\/li><li>RWS<\/li><li>SABRE RED<\/li><li>SAKO<\/li><li>SALAMANDRA<\/li><li>SAUER<\/li><li>SEFER ARMEROS<\/li><li>SIERRA<\/li><li>SIG SAUER\u00a0<\/li><li>SMITH &amp; WESSON<\/li><li>SPORT JAGD<\/li><li>SPS GUNS<\/li><li>SPS-ARMEROS<\/li><li>SPYDERCO<\/li><li>STEINER<\/li><li>SUIZA<\/li><li>SWAROVSKI<\/li><li>TANFOGLIO<\/li><li>TIKKA<\/li><li>TIPTON<\/li><li>TONI SYSTEM<\/li><li>TRIGGERTECH<\/li><li>UMAREX<\/li><li>VERTEBRAE<\/li><li>VIHTAVUORI<\/li><li>VORTEX<\/li><li>WALTHER<\/li><li>WARNE<\/li><li>WEAVER<\/li><li>WINCHESTER<\/li><li>ZAMBERLAN<\/li><li>ZEISS<\/li><li><strong>MAS &#8230;<\/strong><\/li><\/ul><\/div><\/div><\/div>\t\t\t\t\t\t\t\t<\/div>\n\t\t\t\t<\/div>\n\t\t\t\t<\/div>\n\t\t\t\t<\/div>","protected":false},"excerpt":{"rendered":"<p>Tu tienda de armas y caza en Bilbao Sobre Nosotros En Armenia Shooting Bilbao, nos apasiona brindarte productos y servicios de calidad. Estamos comprometidos en ofrecerte una experiencia excepcional en todo lo relacionado con la caza, el tiro deportivo y el sector profesional. Nuestra amplia selecci\u00f3n de armas, munici\u00f3n, accesorios y equipos est\u00e1n cuidadosamente seleccionados [&hellip;]<\/p>\n","protected":false},"author":1,"featured_media":0,"parent":0,"menu_order":0,"comment_status":"closed","ping_status":"closed","template":"","meta":{"footnotes":""},"class_list":["post-14","page","type-page","status-publish","hentry"],"yoast_head":"<!-- This site is optimized with the Yoast SEO plugin v27.4 - https:\/\/yoast.com\/product\/yoast-seo-wordpress\/ -->\n<title>Inicio - Armeria Shooting Bilbao<\/title>\n<meta name=\"robots\" content=\"index, follow, max-snippet:-1, max-image-preview:large, max-video-preview:-1\" \/>\n<link rel=\"canonical\" href=\"https:\/\/shootingbilbao.com\/eu\/\" \/>\n<meta property=\"og:locale\" content=\"en_US\" \/>\n<meta property=\"og:type\" content=\"article\" \/>\n<meta property=\"og:title\" content=\"Inicio - Armeria Shooting Bilbao\" \/>\n<meta property=\"og:description\" content=\"Tu tienda de armas y caza en Bilbao Sobre Nosotros En Armenia Shooting Bilbao, nos apasiona brindarte productos y servicios de calidad. Estamos comprometidos en ofrecerte una experiencia excepcional en todo lo relacionado con la caza, el tiro deportivo y el sector profesional. Nuestra amplia selecci\u00f3n de armas, munici\u00f3n, accesorios y equipos est\u00e1n cuidadosamente seleccionados [&hellip;]\" \/>\n<meta property=\"og:url\" content=\"https:\/\/shootingbilbao.com\/eu\/\" \/>\n<meta property=\"og:site_name\" content=\"Armeria Shooting Bilbao\" \/>\n<meta property=\"article:modified_time\" content=\"2026-04-27T09:04:17+00:00\" \/>\n<meta name=\"twitter:card\" content=\"summary_large_image\" \/>\n<meta name=\"twitter:label1\" content=\"Est. reading time\" \/>\n\t<meta name=\"twitter:data1\" content=\"2 minutua\" \/>\n<script type=\"application\/ld+json\" class=\"yoast-schema-graph\">{\"@context\":\"https:\\\/\\\/schema.org\",\"@graph\":[{\"@type\":\"WebPage\",\"@id\":\"https:\\\/\\\/shootingbilbao.com\\\/\",\"url\":\"https:\\\/\\\/shootingbilbao.com\\\/\",\"name\":\"Inicio - Armeria Shooting Bilbao\",\"isPartOf\":{\"@id\":\"https:\\\/\\\/shootingbilbao.com\\\/#website\"},\"datePublished\":\"2026-03-23T10:18:02+00:00\",\"dateModified\":\"2026-04-27T09:04:17+00:00\",\"breadcrumb\":{\"@id\":\"https:\\\/\\\/shootingbilbao.com\\\/#breadcrumb\"},\"inLanguage\":\"eu\",\"potentialAction\":[{\"@type\":\"ReadAction\",\"target\":[\"https:\\\/\\\/shootingbilbao.com\\\/\"]}]},{\"@type\":\"BreadcrumbList\",\"@id\":\"https:\\\/\\\/shootingbilbao.com\\\/#breadcrumb\",\"itemListElement\":[{\"@type\":\"ListItem\",\"position\":1,\"name\":\"Portada\",\"item\":\"https:\\\/\\\/shootingbilbao.com\\\/\"},{\"@type\":\"ListItem\",\"position\":2,\"name\":\"Inicio\"}]},{\"@type\":\"WebSite\",\"@id\":\"https:\\\/\\\/shootingbilbao.com\\\/#website\",\"url\":\"https:\\\/\\\/shootingbilbao.com\\\/\",\"name\":\"Armeria Shooting Bilbao\",\"description\":\"tienda de armas\",\"publisher\":{\"@id\":\"https:\\\/\\\/shootingbilbao.com\\\/#organization\"},\"potentialAction\":[{\"@type\":\"SearchAction\",\"target\":{\"@type\":\"EntryPoint\",\"urlTemplate\":\"https:\\\/\\\/shootingbilbao.com\\\/?s={search_term_string}\"},\"query-input\":{\"@type\":\"PropertyValueSpecification\",\"valueRequired\":true,\"valueName\":\"search_term_string\"}}],\"inLanguage\":\"eu\"},{\"@type\":\"Organization\",\"@id\":\"https:\\\/\\\/shootingbilbao.com\\\/#organization\",\"name\":\"Armeria Shooting Bilbao\",\"url\":\"https:\\\/\\\/shootingbilbao.com\\\/\",\"logo\":{\"@type\":\"ImageObject\",\"inLanguage\":\"eu\",\"@id\":\"https:\\\/\\\/shootingbilbao.com\\\/#\\\/schema\\\/logo\\\/image\\\/\",\"url\":\"https:\\\/\\\/shootingbilbao.com\\\/wp-content\\\/uploads\\\/2026\\\/03\\\/cropped-sin-fondo.png\",\"contentUrl\":\"https:\\\/\\\/shootingbilbao.com\\\/wp-content\\\/uploads\\\/2026\\\/03\\\/cropped-sin-fondo.png\",\"width\":1024,\"height\":292,\"caption\":\" Armeria Shooting Bilbao\"},\"image\":{\"@id\":\"https:\\\/\\\/shootingbilbao.com\\\/#\\\/schema\\\/logo\\\/image\\\/\"}}]}<\/script>\n<!-- \/ Yoast SEO plugin. -->","yoast_head_json":{"title":"Inicio - Armeria Shooting Bilbao","robots":{"index":"index","follow":"follow","max-snippet":"max-snippet:-1","max-image-preview":"max-image-preview:large","max-video-preview":"max-video-preview:-1"},"canonical":"https:\/\/shootingbilbao.com\/eu\/","og_locale":"en_US","og_type":"article","og_title":"Inicio - Armeria Shooting Bilbao","og_description":"Tu tienda de armas y caza en Bilbao Sobre Nosotros En Armenia Shooting Bilbao, nos apasiona brindarte productos y servicios de calidad. Estamos comprometidos en ofrecerte una experiencia excepcional en todo lo relacionado con la caza, el tiro deportivo y el sector profesional. Nuestra amplia selecci\u00f3n de armas, munici\u00f3n, accesorios y equipos est\u00e1n cuidadosamente seleccionados [&hellip;]","og_url":"https:\/\/shootingbilbao.com\/eu\/","og_site_name":"Armeria Shooting Bilbao","article_modified_time":"2026-04-27T09:04:17+00:00","twitter_card":"summary_large_image","twitter_misc":{"Est. reading time":"2 minutua"},"schema":{"@context":"https:\/\/schema.org","@graph":[{"@type":"WebPage","@id":"https:\/\/shootingbilbao.com\/","url":"https:\/\/shootingbilbao.com\/","name":"Inicio - Armeria Shooting Bilbao","isPartOf":{"@id":"https:\/\/shootingbilbao.com\/#website"},"datePublished":"2026-03-23T10:18:02+00:00","dateModified":"2026-04-27T09:04:17+00:00","breadcrumb":{"@id":"https:\/\/shootingbilbao.com\/#breadcrumb"},"inLanguage":"eu","potentialAction":[{"@type":"ReadAction","target":["https:\/\/shootingbilbao.com\/"]}]},{"@type":"BreadcrumbList","@id":"https:\/\/shootingbilbao.com\/#breadcrumb","itemListElement":[{"@type":"ListItem","position":1,"name":"Portada","item":"https:\/\/shootingbilbao.com\/"},{"@type":"ListItem","position":2,"name":"Inicio"}]},{"@type":"WebSite","@id":"https:\/\/shootingbilbao.com\/#website","url":"https:\/\/shootingbilbao.com\/","name":"Armeria Shooting Bilbao","description":"tienda de armas","publisher":{"@id":"https:\/\/shootingbilbao.com\/#organization"},"potentialAction":[{"@type":"SearchAction","target":{"@type":"EntryPoint","urlTemplate":"https:\/\/shootingbilbao.com\/?s={search_term_string}"},"query-input":{"@type":"PropertyValueSpecification","valueRequired":true,"valueName":"search_term_string"}}],"inLanguage":"eu"},{"@type":"Organization","@id":"https:\/\/shootingbilbao.com\/#organization","name":"Armeria Shooting Bilbao","url":"https:\/\/shootingbilbao.com\/","logo":{"@type":"ImageObject","inLanguage":"eu","@id":"https:\/\/shootingbilbao.com\/#\/schema\/logo\/image\/","url":"https:\/\/shootingbilbao.com\/wp-content\/uploads\/2026\/03\/cropped-sin-fondo.png","contentUrl":"https:\/\/shootingbilbao.com\/wp-content\/uploads\/2026\/03\/cropped-sin-fondo.png","width":1024,"height":292,"caption":" Armeria Shooting Bilbao"},"image":{"@id":"https:\/\/shootingbilbao.com\/#\/schema\/logo\/image\/"}}]}},"_links":{"self":[{"href":"https:\/\/shootingbilbao.com\/eu\/wp-json\/wp\/v2\/pages\/14","targetHints":{"allow":["GET"]}}],"collection":[{"href":"https:\/\/shootingbilbao.com\/eu\/wp-json\/wp\/v2\/pages"}],"about":[{"href":"https:\/\/shootingbilbao.com\/eu\/wp-json\/wp\/v2\/types\/page"}],"author":[{"embeddable":true,"href":"https:\/\/shootingbilbao.com\/eu\/wp-json\/wp\/v2\/users\/1"}],"replies":[{"embeddable":true,"href":"https:\/\/shootingbilbao.com\/eu\/wp-json\/wp\/v2\/comments?post=14"}],"version-history":[{"count":148,"href":"https:\/\/shootingbilbao.com\/eu\/wp-json\/wp\/v2\/pages\/14\/revisions"}],"predecessor-version":[{"id":338,"href":"https:\/\/shootingbilbao.com\/eu\/wp-json\/wp\/v2\/pages\/14\/revisions\/338"}],"wp:attachment":[{"href":"https:\/\/shootingbilbao.com\/eu\/wp-json\/wp\/v2\/media?parent=14"}],"curies":[{"name":"wp","href":"https:\/\/api.w.org\/{rel}","templated":true}]}}